{"id":6625,"date":"2019-05-21T16:42:18","date_gmt":"2019-05-21T16:42:18","guid":{"rendered":"http:\/\/www.calas-welt.de\/?page_id=6625"},"modified":"2019-08-20T15:42:17","modified_gmt":"2019-08-20T15:42:17","slug":"partner-neu","status":"publish","type":"page","link":"http:\/\/www.calas-welt.de\/?page_id=6625","title":{"rendered":"Partner"},"content":{"rendered":"<div id=\"pl-6625\"  class=\"panel-layout\" ><div id=\"pg-6625-0\"  class=\"panel-grid panel-no-style\" ><div id=\"pgc-6625-0-0\"  class=\"panel-grid-cell\" ><div id=\"panel-6625-0-0-0\" class=\"so-panel widget widget_text panel-first-child panel-last-child\" data-index=\"0\" >\t\t\t<div class=\"textwidget\"><p>In meinen Rezepten und in der Ern\u00e4hrungsberatung verwende ich ausschlie\u00dflich frische Bio-Zutaten und Produkte ausgesuchter Erzeuger. Ihr findet eine Auswahl dieser Produkte auf in unserem Online-Shop shop.cala-kocht.de<\/p>\n<p>Da wir in unserem Shop aber nur eine begrenzte Anzahl von Produkten anbieten k\u00f6nnen, haben wir Partnerschaften mit ausgesuchten Lieferanten. Wenn ihr also Produkte dieser Lieferanten \u00fcber die Links auf unserer Seite bestellt, unterst\u00fctzt ihr meine Arbeit und die der (oftmals kleinen und inhabergef\u00fchrten) Unternehmen (Affiliate-Links). Mit einem Klick auf einen der unten aufgelisteten Lieferanten, gelangt ihr auf deren Webseiten und k\u00f6nnt dort wie gewohnt bestellen.<\/p>\n<p>Bitte nutzt diese Links immer bei euren Bestellungen \u2013 es entstehen euch keinerlei Nachteile und unsere Lieferanten k\u00f6nnen erkennen, dass ihr meinen Blog lest \u2013 dies wiederum ist f\u00fcr mich in der Zusammenarbeit mit den Lieferanten wichtig, was euch wiederum zugute kommt, wenn wir neue Produkte vorstellen, Verlosungen anbieten oder Verkostungen machen.<\/p>\n<\/div>\n\t\t<\/div><\/div><\/div><div id=\"pg-6625-1\"  class=\"panel-grid panel-no-style\" ><div id=\"pgc-6625-1-0\"  class=\"panel-grid-cell\" ><div id=\"panel-6625-1-0-0\" class=\"so-panel widget widget_sow-image panel-first-child panel-last-child\" data-index=\"1\" ><div\n\t\t\t\n\t\t\tclass=\"so-widget-sow-image so-widget-sow-image-default-8b5b6f678277-6625\"\n\t\t\t\n\t\t>\n<div class=\"sow-image-container\">\n\t\t\t<a href=\"https:\/\/www.tigovit.de\"\n\t\t\ttarget=\"_blank\" rel=\"noopener noreferrer\" \t\t>\n\t\t\t<img \n\tsrc=\"http:\/\/www.calas-welt.de\/wp-content\/uploads\/2019\/08\/Partner_tigovit-188x300.jpg\" width=\"188\" height=\"300\" srcset=\"http:\/\/www.calas-welt.de\/wp-content\/uploads\/2019\/08\/Partner_tigovit-188x300.jpg 188w, http:\/\/www.calas-welt.de\/wp-content\/uploads\/2019\/08\/Partner_tigovit-768x1229.jpg 768w, http:\/\/www.calas-welt.de\/wp-content\/uploads\/2019\/08\/Partner_tigovit-640x1024.jpg 640w, http:\/\/www.calas-welt.de\/wp-content\/uploads\/2019\/08\/Partner_tigovit.jpg 1200w\" sizes=\"(max-width: 188px) 100vw, 188px\" title=\"Tigovit\" alt=\"\" \t\tclass=\"so-widget-image\"\/>\n\t\t\t<\/a><\/div>\n\n<\/div><\/div><\/div><div id=\"pgc-6625-1-1\"  class=\"panel-grid-cell\" ><div id=\"panel-6625-1-1-0\" class=\"so-panel widget widget_sow-image panel-first-child panel-last-child\" data-index=\"2\" ><div\n\t\t\t\n\t\t\tclass=\"so-widget-sow-image so-widget-sow-image-default-8b5b6f678277-6625\"\n\t\t\t\n\t\t>\n<div class=\"sow-image-container\">\n\t\t<img \n\tsrc=\"http:\/\/www.calas-welt.de\/wp-content\/uploads\/2019\/08\/Partner_Ringana_new-188x300.jpg\" width=\"188\" height=\"300\" srcset=\"http:\/\/www.calas-welt.de\/wp-content\/uploads\/2019\/08\/Partner_Ringana_new-188x300.jpg 188w, http:\/\/www.calas-welt.de\/wp-content\/uploads\/2019\/08\/Partner_Ringana_new-768x1229.jpg 768w, http:\/\/www.calas-welt.de\/wp-content\/uploads\/2019\/08\/Partner_Ringana_new-640x1024.jpg 640w, http:\/\/www.calas-welt.de\/wp-content\/uploads\/2019\/08\/Partner_Ringana_new.jpg 1200w\" sizes=\"(max-width: 188px) 100vw, 188px\" alt=\"\" \t\tclass=\"so-widget-image\"\/>\n\t<\/div>\n\n<\/div><\/div><\/div><\/div><div id=\"pg-6625-2\"  class=\"panel-grid panel-no-style\" ><div id=\"pgc-6625-2-0\"  class=\"panel-grid-cell\" ><div id=\"panel-6625-2-0-0\" class=\"so-panel widget widget_sow-editor panel-first-child panel-last-child\" data-index=\"3\" ><div\n\t\t\t\n\t\t\tclass=\"so-widget-sow-editor so-widget-sow-editor-base\"\n\t\t\t\n\t\t>\n<div class=\"siteorigin-widget-tinymce textwidget\">\n\t<h4>tigovit - Gr\u00fcnteekomplex: Die 50-fache Kraft des Gr\u00fcnen Tees<\/h4>\n<p>tigovit nutzt f\u00fcr die Herstellung der Gr\u00fcntee-Kapseln die jungen Bl\u00e4tter des gr\u00fcnen Tees. Sie enthalten eine besonders hohe Konzentration an EpiGalloCatechin-3-Gallat (EGCG), das f\u00fcr die positive Wirkung des gr\u00fcnen Tees verantwortlich gemacht wird.<\/p>\n<p>tigovit kombiniert Gr\u00fcntee-Extrakt, Ester C<span style=\"font-family: arial, helvetica, sans-serif;\">\u00ae<\/span> und Bioperine<span style=\"font-family: arial, helvetica, sans-serif;\">\u00ae<\/span> zu einem einzigartigen Gr\u00fcnteekomplex. Diese patentierte Wirkstoffkombination erm\u00f6glicht dem K\u00f6rper eine bis zu 50-fach h\u00f6here Aufnahme von EGCG im Vergleich zum Trinken von gr\u00fcnem Tee. Eine Kapsel \u201etigovit\u201c enth\u00e4lt 160mg reines EGCG, was etwa 4 Tassen gr\u00fcnem Tee entspricht. Ester C<span style=\"font-family: arial, helvetica, sans-serif;\">\u00ae<\/span>, hochkonzentriertes Vitamin C, sch\u00fctzt die Zellen vor oxidativem Stress und stabilisiert die wertvollen Bestandteile des Gr\u00fcnes Tees nach der Aufnahme im K\u00f6rper. Bioperine<span style=\"font-family: arial, helvetica, sans-serif;\">\u00ae<\/span> verbessert die Aufnahme von EGCG und Vitamin C. Der in Bioperine<span style=\"font-family: arial, helvetica, sans-serif;\">\u00ae<\/span> enthaltene Wirkstoff Piperin erh\u00f6ht die Bioverf\u00fcgbarkeit der wertvollen Bestandteile des Gr\u00fcntee-Extraktes deutlich.<\/p>\n<p>Die Bestandteile von tigovit<\/p>\n<p>- stammen aus kontrolliert biologischem Anbau<br \/>\n- sind frei von Pestiziden und Schwermetallen<br \/>\n- werden laufen von deutschen Laboren gepr\u00fcft<\/p>\n<p>tigovit<\/p>\n<p>- wird schonend hergestellt<br \/>\n- wird aufgrund der besonderen H\u00f6he der EGCG-Konzentration bei vielen Studien zur Forschung eingesetzt<br \/>\n- ist rein pflanzlichen Ursprungs, koscher und halal<\/p>\n<p>Weitere Informationen und eine \u00dcbersicht \u00fcber die klinischen Studien mit dem Wirkstoff EGCG findest du auf <a href=\"https:\/\/www.tigovit.de\" target=\"_blank\" rel=\"noopener\">www.tigovit.de<\/a><\/p>\n<p>Mit dem Rabattcode<\/p>\n<p><strong>calakocht-tigovit <\/strong><\/p>\n<p>erh\u00e4ltst du <strong>15% Rabatt<\/strong> auf deine Bestellung.<\/p>\n<\/div>\n<\/div><\/div><\/div><div id=\"pgc-6625-2-1\"  class=\"panel-grid-cell\" ><div id=\"panel-6625-2-1-0\" class=\"so-panel widget widget_sow-editor panel-first-child panel-last-child\" data-index=\"4\" ><div\n\t\t\t\n\t\t\tclass=\"so-widget-sow-editor so-widget-sow-editor-base\"\n\t\t\t\n\t\t>\n<div class=\"siteorigin-widget-tinymce textwidget\">\n\t<h4>RINGANA<\/h4>\n<p>Da wir privat schon lange RINGANA-Produkte benutzen (ich lernte sie w\u00e4hrend eines akuten Neurodermitis-Schubes zu sch\u00e4tzen) und ich sie gerne meinen Klienten in der Ern\u00e4hrungsberatung empfehle (zum \u201eClean Eating\u201c geh\u00f6rt auch eine saubere Kosmetik), sind wir aus voller \u00dcberzeugung Vertriebspartner von RINGANA und sehr stolz darauf. Ich freue mich, dass wir den Menschen diese einzigartige Frischekosmetik und Vitalstoffe nahebringen d\u00fcrfen und erlebe immer wieder, wie begeistert meine Klienten und unsere Kunden reagieren, wenn sie die Produkte kennen lernen.<\/p>\n<p>RINGANA verwendet ausschlie\u00dflich hochwertige Zutaten, keinerlei k\u00fcnstliche Konservierungsstoffe \u2013 sowohl bei Kosmetik- als auch bei den Vitalprodukten. Kompromisslos. Dieser Standard ist bei RINGANA einzigartig und ein Alleinstellungsmerkmal auf dem gesamten europ\u00e4ischen Markt. Das Ergebnis ist absolute Frische.<br \/>\nDar\u00fcber hinaus lebt RINGANA seine einzigartige, nachhaltige Philosophie bis ins letzte Detail: Die konsequente Umsetzung, fairer und \u00f6kologischer Strukturen durchzieht die gesamte Kette: vom Einkauf der Produkte, \u00fcber die Produktion bis hin zum Dialog mit dem Endkunden. Nicht umsonst wurde RINGANA mehrfach ausgezeichnet und ist in Sachen Nachhaltigkeit ein Leitbetrieb in \u00d6sterreich.<\/p>\n<p>Wenn du dich f\u00fcr RINGANA interessierst, schreibe mir gerne eine <a href=\"http:\/\/www.calas-welt.de\/?page_id=409\">Nachricht<\/a> um weitere Informationen zu erhalten. Solltest du im Rhein-Main Gebiet zu Hause sein, kannst du auch kostenlos und unverbindlich an meinen FRESH DATES teilnehmen. Die Termine findest du auf meiner <a href=\"http:\/\/www.calas-welt.de\/?page_id=1586\">Veranstaltungsseite<\/a>.<\/p>\n<\/div>\n<\/div><\/div><\/div><\/div><div id=\"pg-6625-3\"  class=\"panel-grid panel-no-style\" ><div id=\"pgc-6625-3-0\"  class=\"panel-grid-cell\" ><div id=\"panel-6625-3-0-0\" class=\"so-panel widget widget_sow-image panel-first-child panel-last-child\" data-index=\"5\" ><div\n\t\t\t\n\t\t\tclass=\"so-widget-sow-image so-widget-sow-image-default-8b5b6f678277-6625\"\n\t\t\t\n\t\t>\n<div class=\"sow-image-container\">\n\t\t\t<a href=\"https:\/\/kpni.de\/\"\n\t\t\ttarget=\"_blank\" rel=\"noopener noreferrer\" \t\t>\n\t\t\t<img \n\tsrc=\"http:\/\/www.calas-welt.de\/wp-content\/uploads\/2019\/05\/Partner_kpni-188x300.jpg\" width=\"188\" height=\"300\" srcset=\"http:\/\/www.calas-welt.de\/wp-content\/uploads\/2019\/05\/Partner_kpni-188x300.jpg 188w, http:\/\/www.calas-welt.de\/wp-content\/uploads\/2019\/05\/Partner_kpni-768x1229.jpg 768w, http:\/\/www.calas-welt.de\/wp-content\/uploads\/2019\/05\/Partner_kpni-640x1024.jpg 640w, http:\/\/www.calas-welt.de\/wp-content\/uploads\/2019\/05\/Partner_kpni.jpg 1200w\" sizes=\"(max-width: 188px) 100vw, 188px\" alt=\"\" \t\tclass=\"so-widget-image\"\/>\n\t\t\t<\/a><\/div>\n\n<\/div><\/div><\/div><div id=\"pgc-6625-3-1\"  class=\"panel-grid-cell\" ><div id=\"panel-6625-3-1-0\" class=\"so-panel widget widget_sow-image panel-first-child panel-last-child\" data-index=\"6\" ><div\n\t\t\t\n\t\t\tclass=\"so-widget-sow-image so-widget-sow-image-default-8b5b6f678277-6625\"\n\t\t\t\n\t\t>\n<div class=\"sow-image-container\">\n\t\t\t<a href=\"https:\/\/www.norsan.de\/\"\n\t\t\ttarget=\"_blank\" rel=\"noopener noreferrer\" \t\t>\n\t\t\t<img \n\tsrc=\"http:\/\/www.calas-welt.de\/wp-content\/uploads\/2018\/02\/Partner_Norsan-188x300.jpg\" width=\"188\" height=\"300\" srcset=\"http:\/\/www.calas-welt.de\/wp-content\/uploads\/2018\/02\/Partner_Norsan-188x300.jpg 188w, http:\/\/www.calas-welt.de\/wp-content\/uploads\/2018\/02\/Partner_Norsan-768x1229.jpg 768w, http:\/\/www.calas-welt.de\/wp-content\/uploads\/2018\/02\/Partner_Norsan-640x1024.jpg 640w, http:\/\/www.calas-welt.de\/wp-content\/uploads\/2018\/02\/Partner_Norsan.jpg 1200w\" sizes=\"(max-width: 188px) 100vw, 188px\" alt=\"\" \t\tclass=\"so-widget-image\"\/>\n\t\t\t<\/a><\/div>\n\n<\/div><\/div><\/div><\/div><div id=\"pg-6625-4\"  class=\"panel-grid panel-no-style\" ><div id=\"pgc-6625-4-0\"  class=\"panel-grid-cell\" ><div id=\"panel-6625-4-0-0\" class=\"so-panel widget widget_sow-editor panel-first-child panel-last-child\" data-index=\"7\" ><div\n\t\t\t\n\t\t\tclass=\"so-widget-sow-editor so-widget-sow-editor-base\"\n\t\t\t\n\t\t>\n<div class=\"siteorigin-widget-tinymce textwidget\">\n\t<h4>KPNI<\/h4>\n<p>Gesunde Ern\u00e4hrung im Alltag ist schon immer meine Passion. Seit ich 2011 begonnen habe, meinen Foodblog zu schreiben, besch\u00e4ftige ich mich ganz besonders intensiv damit. Schlie\u00dflich habe ich eine Ausbildung zur Ern\u00e4hrungsberaterin gemacht und bin seit Sommer 2017 zertifiziert nach KPNI e.V.<\/p>\n<p>Die klinische Psycho-Neuro-Immunologie (kPNI) ist eine stetig wachsende fach\u00fcbergreifende Wissenschaft, die sich mit den komplexen Zusammenh\u00e4ngen zwischen Gesundheit und Krankheit, bzw. den verschiedenen, ineinandergreifenden Systemen des menschlichen K\u00f6rpers befasst und dieses Wissen in den klinischen Alltag integriert.<\/p>\n<p>Die kPNI bringt die Erkenntnisse der Forschung in die Praxis und nutzt ihre Erkenntnisse, um therapeutische Interventionen und prophylaktische Ans\u00e4tze zu entwickeln, damit chronische Krankheiten gar nicht erst entstehen k\u00f6nnen. Hierbei stehen immer der Mensch und seine k\u00f6rpereigene Regenerationsf\u00e4higkeit im Vordergrund. Die evolution\u00e4re Entwicklung des Menschen dient als Basis f\u00fcr therapeutische Ansatzm\u00f6glichkeiten.<\/p>\n<p>Ich m\u00f6chte Menschen helfen, sich im Alltag gesund zu ern\u00e4hren, ohne Genuss oder Lebensqualit\u00e4t zu verlieren.<br \/>\nDie Freude an gesunder Ern\u00e4hrung, genussvollem Kochen und Gesundheitsbewusstsein zu vermitteln, ist mein Ziel.<\/p>\n<p>&nbsp;<\/p>\n<\/div>\n<\/div><\/div><\/div><div id=\"pgc-6625-4-1\"  class=\"panel-grid-cell\" ><div id=\"panel-6625-4-1-0\" class=\"so-panel widget widget_sow-editor panel-first-child panel-last-child\" data-index=\"8\" ><div\n\t\t\t\n\t\t\tclass=\"so-widget-sow-editor so-widget-sow-editor-base\"\n\t\t\t\n\t\t>\n<div class=\"siteorigin-widget-tinymce textwidget\">\n\t<h4>NORSAN<\/h4>\n<p>NORSAN ist ein norwegisches Unternehmen&lt; das qualitativ hochwertige Omega-3-Produkte sowie eine subtile Fetts\u00e4ure-Analytik anbietet. Das Ziel von NORSAN ist es, \u00fcber die Funktionsweise von Fetten in unserem K\u00f6rper aufzukl\u00e4ren. Die subtile und ganzheitliche Fetts\u00e4ure-Analytik (Messen, Analysieren und Regulieren von Fetts\u00e4uren) vertritt NORSAN als erstes Unternehmen in Deutschland.<br \/>\nNORSAN Fisch\u00f6l ist ein 100% nat\u00fcrliches Fisch\u00f6l aus Wildfang. Die Fischf\u00e4nge werden sorgf\u00e4ltig nach folgenden Grundkriterien ausgew\u00e4hlt:<br \/>\nFangmethode, Nachhaltigkeit und Fanggebiet<br \/>\nGewinnung und Reinigung des Fisch\u00f6ls<br \/>\nBesonders vorteilhafte analytische Parameter wie TOTOX-Wert, Schwermetalle und PCBs<br \/>\nAls Ausgangspunkt w\u00e4hlt NORSAN Fischf\u00e4nge und Lieferanten aus, die sie als sicher einstufen und die hohe Transparenz in der Arbeitsweise gew\u00e4hrleisten.<\/p>\n<p>NORSAN Fisch\u00f6l stellt aus unserer Sicht das allgemein beste Omega-3 \u00d6l f\u00fcr therapeutische Zwecke dar. Der Grund ist die besonders gute Omega-3 Qualit\u00e4t des \u00d6ls:<\/p>\n<ul>\n<li>Hoher Anteil an Omega-3-Fetts\u00e4uren (bis zu 35%)<\/li>\n<li>Davon ein besonders hoher Anteil Omega-3 EPA, in einem Verh\u00e4ltnis von mindestens 2:1 im Vergleich zu Omega-3 DHA<\/li>\n<li>Die hohen Anforderungen in Bezug auf Qualit\u00e4t und Eigenschaften des \u00d6ls lassen den alleinigen Fang von Fischen in Norwegen nicht immer zu, sodass auch andere Gew\u00e4sser in Frage kommen, um den hohen Standard des NORSAN Fisch\u00f6ls zu gew\u00e4hrleisten. Typischerweise werden Kleinfische aus dem Atlantik wie Heringe, Anchovis und Sardinen genutzt.<\/li>\n<\/ul>\n<p>Ihr k\u00f6nnt direkt auf der <a href=\"https:\/\/www.norsan.de\/\" target=\"_blank\" rel=\"noopener\">NORSAN Webseite<\/a> bestellen.<\/p>\n<p><span style=\"font-size: 14pt;\">Wenn ihr den Rabatt-Code EP961 nutzt erhaltet ihr als Leser meines Blogs 15% Rabatt.<\/span><\/p>\n<\/div>\n<\/div><\/div><\/div><\/div><div id=\"pg-6625-5\"  class=\"panel-grid panel-no-style\" ><div id=\"pgc-6625-5-0\"  class=\"panel-grid-cell\" ><div id=\"panel-6625-5-0-0\" class=\"so-panel widget widget_sow-image panel-first-child panel-last-child\" data-index=\"9\" ><div\n\t\t\t\n\t\t\tclass=\"so-widget-sow-image so-widget-sow-image-default-8b5b6f678277-6625\"\n\t\t\t\n\t\t>\n<div class=\"sow-image-container\">\n\t\t\t<a href=\"https:\/\/www.pureraw.de\/?awc=16591_1558456773_5ac83dc86e3084776dba80a03fccd3b1\"\n\t\t\ttarget=\"_blank\" rel=\"noopener noreferrer\" \t\t>\n\t\t\t<img \n\tsrc=\"http:\/\/www.calas-welt.de\/wp-content\/uploads\/2018\/01\/Partner_PureRaw_new-188x300.jpg\" width=\"188\" height=\"300\" srcset=\"http:\/\/www.calas-welt.de\/wp-content\/uploads\/2018\/01\/Partner_PureRaw_new-188x300.jpg 188w, http:\/\/www.calas-welt.de\/wp-content\/uploads\/2018\/01\/Partner_PureRaw_new-768x1229.jpg 768w, http:\/\/www.calas-welt.de\/wp-content\/uploads\/2018\/01\/Partner_PureRaw_new-640x1024.jpg 640w, http:\/\/www.calas-welt.de\/wp-content\/uploads\/2018\/01\/Partner_PureRaw_new.jpg 1200w\" sizes=\"(max-width: 188px) 100vw, 188px\" alt=\"\" \t\tclass=\"so-widget-image\"\/>\n\t\t\t<\/a><\/div>\n\n<\/div><\/div><\/div><div id=\"pgc-6625-5-1\"  class=\"panel-grid-cell\" ><div id=\"panel-6625-5-1-0\" class=\"so-panel widget widget_sow-image panel-first-child panel-last-child\" data-index=\"10\" ><div\n\t\t\t\n\t\t\tclass=\"so-widget-sow-image so-widget-sow-image-default-8b5b6f678277-6625\"\n\t\t\t\n\t\t>\n<div class=\"sow-image-container\">\n\t\t\t<a href=\"https:\/\/www.ylumi.de\/\"\n\t\t\ttarget=\"_blank\" rel=\"noopener noreferrer\" \t\t>\n\t\t\t<img \n\tsrc=\"http:\/\/www.calas-welt.de\/wp-content\/uploads\/2018\/08\/Partner_YLUMI-188x300.jpg\" width=\"188\" height=\"300\" srcset=\"http:\/\/www.calas-welt.de\/wp-content\/uploads\/2018\/08\/Partner_YLUMI-188x300.jpg 188w, http:\/\/www.calas-welt.de\/wp-content\/uploads\/2018\/08\/Partner_YLUMI-768x1229.jpg 768w, http:\/\/www.calas-welt.de\/wp-content\/uploads\/2018\/08\/Partner_YLUMI-640x1024.jpg 640w, http:\/\/www.calas-welt.de\/wp-content\/uploads\/2018\/08\/Partner_YLUMI.jpg 1200w\" sizes=\"(max-width: 188px) 100vw, 188px\" alt=\"\" \t\tclass=\"so-widget-image\"\/>\n\t\t\t<\/a><\/div>\n\n<\/div><\/div><\/div><\/div><div id=\"pg-6625-6\"  class=\"panel-grid panel-no-style\" ><div id=\"pgc-6625-6-0\"  class=\"panel-grid-cell\" ><div id=\"panel-6625-6-0-0\" class=\"so-panel widget widget_sow-editor panel-first-child panel-last-child\" data-index=\"11\" ><div\n\t\t\t\n\t\t\tclass=\"so-widget-sow-editor so-widget-sow-editor-base\"\n\t\t\t\n\t\t>\n<div class=\"siteorigin-widget-tinymce textwidget\">\n\t<h4>PureRaw<\/h4>\n<p>\u201ePureRaw \u2013 nat\u00fcrlich \u00b7 roh \u00b7 vegan\u201c ist ein junges Unternehmen, welches 2010 von Kirstin Knufmann ins Leben gerufen wurde. Ihre urspr\u00fcngliche Idee war, Produkte die sie zu der Zeit noch nur f\u00fcr sich selbst ausgesucht hatte und von deren Qualit\u00e4t, vom Anbau \u00fcber die Ernte bis hin zur Verarbeitung, sie \u00fcberzeugt war, einem gr\u00f6\u00dferem Kreis an Interessierten anzubieten.<\/p>\n<p>Mittlerweile bietet das Unternehmen \u00fcber 240 verschiedene roh-vegane Lebensmittel und andere Produkte an, die alle pers\u00f6nlich ausgew\u00e4hlt und oft in liebevoller Handarbeit weiterverarbeitet wurden. Pers\u00f6nlicher Kontakt zu den Produzenten, schonende Verarbeitung und m\u00f6glichst kurze Wege spielen dabei eine gro\u00dfe Rolle.<\/p>\n<\/div>\n<\/div><\/div><\/div><div id=\"pgc-6625-6-1\"  class=\"panel-grid-cell\" ><div id=\"panel-6625-6-1-0\" class=\"so-panel widget widget_sow-editor panel-first-child panel-last-child\" data-index=\"12\" ><div\n\t\t\t\n\t\t\tclass=\"so-widget-sow-editor so-widget-sow-editor-base\"\n\t\t\t\n\t\t>\n<div class=\"siteorigin-widget-tinymce textwidget\">\n\t<h4>YLUMI<\/h4>\n<p>YLUMI stellen Nahrungserg\u00e4nzugen nach ayurverdischen Rezepten und Rezepten der TCM herstellen. Das Besondere daran ist, dass die Nahrungserg\u00e4nzungen in Deutschland hergestellt werden und die Rohstoffe f\u00fcr die Rezepturen entsprechenden Qualit\u00e4tsstandards unterliegen. Das ist besonders hilfreich, weil man sonst Kr\u00e4uter aus der TCM oder aus dem Ayurveda oft nur aus dubiosen Quellen oder \u00fcber obskure Umwege bekommt. Mir gef\u00e4llt au\u00dferdem, dass die Rezepturen schon ausgewogen kombiniert sind \u2013 es ist \u00e4hnlich wie bei den Nahrungserz\u00e4nzugnen von RINGANA, dass hier einfach schon Experten die ideale Kombination f\u00fcr die beabsichtigte Wirkung zusammengestellt haben.<\/p>\n<p>Ihr k\u00f6nnt direkt auf der\u00a0<a href=\"http:\/\/www.ylumi.de\/\" target=\"_blank\" rel=\"noopener noreferrer\">YLUMI Webseite<\/a>\u00a0bestellen.<\/p>\n<p><span style=\"font-size: 14pt;\">Wenn ihr den Rabatt-Code<strong>CALAKOCHTXYLUMI<\/strong>\u00a0nutzt erhaltet ihr als Leser meines Blogs\u00a0<strong>10% Rabatt<\/strong>.<\/span><\/p>\n<\/div>\n<\/div><\/div><\/div><\/div><\/div>","protected":false},"excerpt":{"rendered":"<p>In meinen Rezepten und in der Ern\u00e4hrungsberatung verwende ich ausschlie\u00dflich frische Bio-Zutaten und Produkte ausgesuchter Erzeuger. Ihr findet eine Auswahl dieser Produkte auf in unserem Online-Shop shop.cala-kocht.de Da wir in unserem Shop aber nur eine begrenzte Anzahl von Produkten anbieten k\u00f6nnen, haben wir Partnerschaften mit ausgesuchten Lieferanten. Wenn ihr also Produkte dieser Lieferanten \u00fcber die [&hellip;]<\/p>\n","protected":false},"author":5,"featured_media":0,"parent":0,"menu_order":0,"comment_status":"closed","ping_status":"closed","template":"page-templates\/full-width.php","meta":{"jetpack_post_was_ever_published":false,"footnotes":""},"class_list":["post-6625","page","type-page","status-publish","hentry"],"jetpack_sharing_enabled":true,"jetpack_shortlink":"https:\/\/wp.me\/PahbD2-1IR","_links":{"self":[{"href":"http:\/\/www.calas-welt.de\/index.php?rest_route=\/wp\/v2\/pages\/6625","targetHints":{"allow":["GET"]}}],"collection":[{"href":"http:\/\/www.calas-welt.de\/index.php?rest_route=\/wp\/v2\/pages"}],"about":[{"href":"http:\/\/www.calas-welt.de\/index.php?rest_route=\/wp\/v2\/types\/page"}],"author":[{"embeddable":true,"href":"http:\/\/www.calas-welt.de\/index.php?rest_route=\/wp\/v2\/users\/5"}],"replies":[{"embeddable":true,"href":"http:\/\/www.calas-welt.de\/index.php?rest_route=%2Fwp%2Fv2%2Fcomments&post=6625"}],"version-history":[{"count":32,"href":"http:\/\/www.calas-welt.de\/index.php?rest_route=\/wp\/v2\/pages\/6625\/revisions"}],"predecessor-version":[{"id":6797,"href":"http:\/\/www.calas-welt.de\/index.php?rest_route=\/wp\/v2\/pages\/6625\/revisions\/6797"}],"wp:attachment":[{"href":"http:\/\/www.calas-welt.de\/index.php?rest_route=%2Fwp%2Fv2%2Fmedia&parent=6625"}],"curies":[{"name":"wp","href":"https:\/\/api.w.org\/{rel}","templated":true}]}}